{"id":1061,"date":"2023-07-06T09:15:17","date_gmt":"2023-07-06T09:15:17","guid":{"rendered":"https:\/\/velconresma.com\/?page_id=1061"},"modified":"2024-05-29T09:58:35","modified_gmt":"2024-05-29T09:58:35","slug":"carpinteria-y-restauracion","status":"publish","type":"page","link":"https:\/\/velconresma.com\/index.php\/carpinteria-y-restauracion\/","title":{"rendered":"Carpinter\u00eda y Restauraci\u00f3n"},"content":{"rendered":"\t\t<div data-elementor-type=\"wp-page\" data-elementor-id=\"1061\" class=\"elementor elementor-1061\">\n\t\t\t\t\t\t<section class=\"elementor-section elementor-top-section elementor-element elementor-element-3f1b9fc7 elementor-section-height-min-height elementor-section-content-middle elementor-section-boxed elementor-section-height-default elementor-section-items-middle wpr-particle-no wpr-jarallax-no wpr-parallax-no wpr-sticky-section-no\" data-id=\"3f1b9fc7\" data-element_type=\"section\" data-settings=\"{&quot;background_background&quot;:&quot;classic&quot;}\">\n\t\t\t\t\t\t\t<div class=\"elementor-background-overlay\"><\/div>\n\t\t\t\t\t\t\t<div class=\"elementor-container elementor-column-gap-default\">\n\t\t\t\t\t<div class=\"elementor-column elementor-col-100 elementor-top-column elementor-element elementor-element-33d6ca47\" data-id=\"33d6ca47\" data-element_type=\"column\">\n\t\t\t<div class=\"elementor-widget-wrap elementor-element-populated\">\n\t\t\t\t\t\t<div class=\"elementor-element elementor-element-62925a9a elementor-widget elementor-widget-heading\" data-id=\"62925a9a\" data-element_type=\"widget\" data-widget_type=\"heading.default\">\n\t\t\t\t<div class=\"elementor-widget-container\">\n\t\t\t\t\t<h2 class=\"elementor-heading-title elementor-size-default\">Carpinter\u00eda y Restauraci\u00f3n<\/h2>\t\t\t\t<\/div>\n\t\t\t\t<\/div>\n\t\t\t\t\t<\/div>\n\t\t<\/div>\n\t\t\t\t\t<\/div>\n\t\t<\/section>\n\t\t\t\t<section class=\"elementor-section elementor-top-section elementor-element elementor-element-6a8bd71b elementor-section-boxed elementor-section-height-default elementor-section-height-default wpr-particle-no wpr-jarallax-no wpr-parallax-no wpr-sticky-section-no\" data-id=\"6a8bd71b\" data-element_type=\"section\">\n\t\t\t\t\t\t<div class=\"elementor-container elementor-column-gap-default\">\n\t\t\t\t\t<div class=\"elementor-column elementor-col-50 elementor-top-column elementor-element elementor-element-7104a9d\" data-id=\"7104a9d\" data-element_type=\"column\">\n\t\t\t<div class=\"elementor-widget-wrap elementor-element-populated\">\n\t\t\t\t\t\t<div class=\"elementor-element elementor-element-451e7840 elementor-widget elementor-widget-text-editor\" data-id=\"451e7840\" data-element_type=\"widget\" data-widget_type=\"text-editor.default\">\n\t\t\t\t<div class=\"elementor-widget-container\">\n\t\t\t\t\t\t\t\t\t<p>Restauramos<\/p>\t\t\t\t\t\t\t\t<\/div>\n\t\t\t\t<\/div>\n\t\t\t\t<div class=\"elementor-element elementor-element-25925bc6 elementor-widget elementor-widget-heading\" data-id=\"25925bc6\" data-element_type=\"widget\" data-widget_type=\"heading.default\">\n\t\t\t\t<div class=\"elementor-widget-container\">\n\t\t\t\t\t<h3 class=\"elementor-heading-title elementor-size-default\">Muebles de madera antiguos o modernos<\/h3>\t\t\t\t<\/div>\n\t\t\t\t<\/div>\n\t\t\t\t<div class=\"elementor-element elementor-element-31a9c942 elementor-widget elementor-widget-text-editor\" data-id=\"31a9c942\" data-element_type=\"widget\" data-widget_type=\"text-editor.default\">\n\t\t\t\t<div class=\"elementor-widget-container\">\n\t\t\t\t\t\t\t\t\t<p>Llevamos a cabo arreglos y modificaciones de muebles de madera para darles una segunda vida.<br \/>El profesional debe reconocer las caracter\u00edsticas y propiedades de la madera, y establecer los tratamientos que deben aplicarse en cada caso concreto. Un mal diagn\u00f3stico o decisi\u00f3n err\u00f3nea puede hacer que piezas con mucho valor tengan un mal fin.<\/p>\t\t\t\t\t\t\t\t<\/div>\n\t\t\t\t<\/div>\n\t\t\t\t<div class=\"elementor-element elementor-element-56d51b38 wpr-button-icon-style-inline wpr-button-icon-position-right elementor-widget elementor-widget-wpr-button\" data-id=\"56d51b38\" data-element_type=\"widget\" data-widget_type=\"wpr-button.default\">\n\t\t\t\t<div class=\"elementor-widget-container\">\n\t\t\t\t\t\t\n\t\t\t\n\t\t\n\t\t<div class=\"wpr-button-wrap elementor-clearfix\">\n\t\t<a class=\"wpr-button wpr-button-effect wpr-button-none\" data-text=\"\" href=\"#link\">\n\t\t\t\n\t\t\t<span class=\"wpr-button-content\">\n\t\t\t\t\t\t\t\t\t<span class=\"wpr-button-text\">+ Info<\/span>\n\t\t\t\t\t\t\t\t\n\t\t\t\t\t\t\t<\/span>\n\t\t<\/a>\n\n\t\t\t\t<\/div>\n\t\n\t\n\t\t\t\t\t<\/div>\n\t\t\t\t<\/div>\n\t\t\t\t\t<\/div>\n\t\t<\/div>\n\t\t\t\t<div class=\"elementor-column elementor-col-50 elementor-top-column elementor-element elementor-element-970b0f6\" data-id=\"970b0f6\" data-element_type=\"column\">\n\t\t\t<div class=\"elementor-widget-wrap elementor-element-populated\">\n\t\t\t\t\t\t<div class=\"elementor-element elementor-element-2659fd63 elementor-widget elementor-widget-image\" data-id=\"2659fd63\" data-element_type=\"widget\" data-widget_type=\"image.default\">\n\t\t\t\t<div class=\"elementor-widget-container\">\n\t\t\t\t\t\t\t\t\t\t\t\t\t\t\t<img fetchpriority=\"high\" decoding=\"async\" width=\"960\" height=\"640\" src=\"https:\/\/velconresma.com\/wp-content\/uploads\/2024\/01\/restaura.jpg\" class=\"attachment-large size-large wp-image-1396\" alt=\"\" srcset=\"https:\/\/velconresma.com\/wp-content\/uploads\/2024\/01\/restaura.jpg 1024w, https:\/\/velconresma.com\/wp-content\/uploads\/2024\/01\/restaura-300x200.jpg 300w, https:\/\/velconresma.com\/wp-content\/uploads\/2024\/01\/restaura-768x512.jpg 768w\" sizes=\"(max-width: 960px) 100vw, 960px\" \/>\t\t\t\t\t\t\t\t\t\t\t\t\t\t\t<\/div>\n\t\t\t\t<\/div>\n\t\t\t\t<div class=\"elementor-element elementor-element-679f55d9 elementor-widget__width-initial elementor-absolute elementor-hidden-tablet elementor-hidden-mobile elementor-widget-divider--view-line elementor-widget elementor-widget-divider\" data-id=\"679f55d9\" data-element_type=\"widget\" data-settings=\"{&quot;_position&quot;:&quot;absolute&quot;}\" data-widget_type=\"divider.default\">\n\t\t\t\t<div class=\"elementor-widget-container\">\n\t\t\t\t\t\t\t<div class=\"elementor-divider\">\n\t\t\t<span class=\"elementor-divider-separator\">\n\t\t\t\t\t\t<\/span>\n\t\t<\/div>\n\t\t\t\t\t\t<\/div>\n\t\t\t\t<\/div>\n\t\t\t\t\t<\/div>\n\t\t<\/div>\n\t\t\t\t\t<\/div>\n\t\t<\/section>\n\t\t\t\t<\/div>\n\t\t","protected":false},"excerpt":{"rendered":"<p>Carpinter\u00eda y Restauraci\u00f3n Restauramos Muebles de madera antiguos o modernos Llevamos a cabo arreglos y modificaciones de muebles de madera para darles una segunda vida.El profesional debe reconocer las caracter\u00edsticas y propiedades de la madera, y establecer los tratamientos que deben aplicarse en cada caso concreto. Un mal diagn\u00f3stico o decisi\u00f3n err\u00f3nea puede hacer que piezas con mucho valor tengan un mal fin. + Info<\/p>\n","protected":false},"author":1,"featured_media":0,"parent":0,"menu_order":0,"comment_status":"closed","ping_status":"closed","template":"","meta":{"footnotes":""},"class_list":["post-1061","page","type-page","status-publish","hentry"],"yoast_head":"<!-- This site is optimized with the Yoast SEO plugin v26.6 - https:\/\/yoast.com\/wordpress\/plugins\/seo\/ -->\n<title>Carpinter\u00eda y Restauraci\u00f3n - Velconresma<\/title>\n<meta name=\"robots\" content=\"index, follow, max-snippet:-1, max-image-preview:large, max-video-preview:-1\" \/>\n<link rel=\"canonical\" href=\"https:\/\/velconresma.com\/index.php\/carpinteria-y-restauracion\/\" \/>\n<meta property=\"og:locale\" content=\"es_ES\" \/>\n<meta property=\"og:type\" content=\"article\" \/>\n<meta property=\"og:title\" content=\"Carpinter\u00eda y Restauraci\u00f3n - Velconresma\" \/>\n<meta property=\"og:description\" content=\"Carpinter\u00eda y Restauraci\u00f3n Restauramos Muebles de madera antiguos o modernos Llevamos a cabo arreglos y modificaciones de muebles de madera para darles una segunda vida.El profesional debe reconocer las caracter\u00edsticas y propiedades de la madera, y establecer los tratamientos que deben aplicarse en cada caso concreto. Un mal diagn\u00f3stico o decisi\u00f3n err\u00f3nea puede hacer que piezas con mucho valor tengan un mal fin. + Info\" \/>\n<meta property=\"og:url\" content=\"https:\/\/velconresma.com\/index.php\/carpinteria-y-restauracion\/\" \/>\n<meta property=\"og:site_name\" content=\"Velconresma\" \/>\n<meta property=\"article:modified_time\" content=\"2024-05-29T09:58:35+00:00\" \/>\n<meta property=\"og:image\" content=\"https:\/\/velconresma.com\/wp-content\/uploads\/2024\/01\/restaura.jpg\" \/>\n<meta name=\"twitter:card\" content=\"summary_large_image\" \/>\n<meta name=\"twitter:label1\" content=\"Tiempo de lectura\" \/>\n\t<meta name=\"twitter:data1\" content=\"1 minuto\" \/>\n<script type=\"application\/ld+json\" class=\"yoast-schema-graph\">{\"@context\":\"https:\/\/schema.org\",\"@graph\":[{\"@type\":\"WebPage\",\"@id\":\"https:\/\/velconresma.com\/index.php\/carpinteria-y-restauracion\/\",\"url\":\"https:\/\/velconresma.com\/index.php\/carpinteria-y-restauracion\/\",\"name\":\"Carpinter\u00eda y Restauraci\u00f3n - Velconresma\",\"isPartOf\":{\"@id\":\"https:\/\/velconresma.com\/#website\"},\"primaryImageOfPage\":{\"@id\":\"https:\/\/velconresma.com\/index.php\/carpinteria-y-restauracion\/#primaryimage\"},\"image\":{\"@id\":\"https:\/\/velconresma.com\/index.php\/carpinteria-y-restauracion\/#primaryimage\"},\"thumbnailUrl\":\"https:\/\/velconresma.com\/wp-content\/uploads\/2024\/01\/restaura.jpg\",\"datePublished\":\"2023-07-06T09:15:17+00:00\",\"dateModified\":\"2024-05-29T09:58:35+00:00\",\"breadcrumb\":{\"@id\":\"https:\/\/velconresma.com\/index.php\/carpinteria-y-restauracion\/#breadcrumb\"},\"inLanguage\":\"es\",\"potentialAction\":[{\"@type\":\"ReadAction\",\"target\":[\"https:\/\/velconresma.com\/index.php\/carpinteria-y-restauracion\/\"]}]},{\"@type\":\"ImageObject\",\"inLanguage\":\"es\",\"@id\":\"https:\/\/velconresma.com\/index.php\/carpinteria-y-restauracion\/#primaryimage\",\"url\":\"https:\/\/velconresma.com\/wp-content\/uploads\/2024\/01\/restaura.jpg\",\"contentUrl\":\"https:\/\/velconresma.com\/wp-content\/uploads\/2024\/01\/restaura.jpg\",\"width\":1024,\"height\":683},{\"@type\":\"BreadcrumbList\",\"@id\":\"https:\/\/velconresma.com\/index.php\/carpinteria-y-restauracion\/#breadcrumb\",\"itemListElement\":[{\"@type\":\"ListItem\",\"position\":1,\"name\":\"Portada\",\"item\":\"https:\/\/velconresma.com\/\"},{\"@type\":\"ListItem\",\"position\":2,\"name\":\"Carpinter\u00eda y Restauraci\u00f3n\"}]},{\"@type\":\"WebSite\",\"@id\":\"https:\/\/velconresma.com\/#website\",\"url\":\"https:\/\/velconresma.com\/\",\"name\":\"Velconresma\",\"description\":\"Reformas Integrales y Obra Nueva\",\"potentialAction\":[{\"@type\":\"SearchAction\",\"target\":{\"@type\":\"EntryPoint\",\"urlTemplate\":\"https:\/\/velconresma.com\/?s={search_term_string}\"},\"query-input\":{\"@type\":\"PropertyValueSpecification\",\"valueRequired\":true,\"valueName\":\"search_term_string\"}}],\"inLanguage\":\"es\"}]}<\/script>\n<!-- \/ Yoast SEO plugin. -->","yoast_head_json":{"title":"Carpinter\u00eda y Restauraci\u00f3n - Velconresma","robots":{"index":"index","follow":"follow","max-snippet":"max-snippet:-1","max-image-preview":"max-image-preview:large","max-video-preview":"max-video-preview:-1"},"canonical":"https:\/\/velconresma.com\/index.php\/carpinteria-y-restauracion\/","og_locale":"es_ES","og_type":"article","og_title":"Carpinter\u00eda y Restauraci\u00f3n - Velconresma","og_description":"Carpinter\u00eda y Restauraci\u00f3n Restauramos Muebles de madera antiguos o modernos Llevamos a cabo arreglos y modificaciones de muebles de madera para darles una segunda vida.El profesional debe reconocer las caracter\u00edsticas y propiedades de la madera, y establecer los tratamientos que deben aplicarse en cada caso concreto. Un mal diagn\u00f3stico o decisi\u00f3n err\u00f3nea puede hacer que piezas con mucho valor tengan un mal fin. + Info","og_url":"https:\/\/velconresma.com\/index.php\/carpinteria-y-restauracion\/","og_site_name":"Velconresma","article_modified_time":"2024-05-29T09:58:35+00:00","og_image":[{"url":"https:\/\/velconresma.com\/wp-content\/uploads\/2024\/01\/restaura.jpg","type":"","width":"","height":""}],"twitter_card":"summary_large_image","twitter_misc":{"Tiempo de lectura":"1 minuto"},"schema":{"@context":"https:\/\/schema.org","@graph":[{"@type":"WebPage","@id":"https:\/\/velconresma.com\/index.php\/carpinteria-y-restauracion\/","url":"https:\/\/velconresma.com\/index.php\/carpinteria-y-restauracion\/","name":"Carpinter\u00eda y Restauraci\u00f3n - Velconresma","isPartOf":{"@id":"https:\/\/velconresma.com\/#website"},"primaryImageOfPage":{"@id":"https:\/\/velconresma.com\/index.php\/carpinteria-y-restauracion\/#primaryimage"},"image":{"@id":"https:\/\/velconresma.com\/index.php\/carpinteria-y-restauracion\/#primaryimage"},"thumbnailUrl":"https:\/\/velconresma.com\/wp-content\/uploads\/2024\/01\/restaura.jpg","datePublished":"2023-07-06T09:15:17+00:00","dateModified":"2024-05-29T09:58:35+00:00","breadcrumb":{"@id":"https:\/\/velconresma.com\/index.php\/carpinteria-y-restauracion\/#breadcrumb"},"inLanguage":"es","potentialAction":[{"@type":"ReadAction","target":["https:\/\/velconresma.com\/index.php\/carpinteria-y-restauracion\/"]}]},{"@type":"ImageObject","inLanguage":"es","@id":"https:\/\/velconresma.com\/index.php\/carpinteria-y-restauracion\/#primaryimage","url":"https:\/\/velconresma.com\/wp-content\/uploads\/2024\/01\/restaura.jpg","contentUrl":"https:\/\/velconresma.com\/wp-content\/uploads\/2024\/01\/restaura.jpg","width":1024,"height":683},{"@type":"BreadcrumbList","@id":"https:\/\/velconresma.com\/index.php\/carpinteria-y-restauracion\/#breadcrumb","itemListElement":[{"@type":"ListItem","position":1,"name":"Portada","item":"https:\/\/velconresma.com\/"},{"@type":"ListItem","position":2,"name":"Carpinter\u00eda y Restauraci\u00f3n"}]},{"@type":"WebSite","@id":"https:\/\/velconresma.com\/#website","url":"https:\/\/velconresma.com\/","name":"Velconresma","description":"Reformas Integrales y Obra Nueva","potentialAction":[{"@type":"SearchAction","target":{"@type":"EntryPoint","urlTemplate":"https:\/\/velconresma.com\/?s={search_term_string}"},"query-input":{"@type":"PropertyValueSpecification","valueRequired":true,"valueName":"search_term_string"}}],"inLanguage":"es"}]}},"_links":{"self":[{"href":"https:\/\/velconresma.com\/index.php\/wp-json\/wp\/v2\/pages\/1061","targetHints":{"allow":["GET"]}}],"collection":[{"href":"https:\/\/velconresma.com\/index.php\/wp-json\/wp\/v2\/pages"}],"about":[{"href":"https:\/\/velconresma.com\/index.php\/wp-json\/wp\/v2\/types\/page"}],"author":[{"embeddable":true,"href":"https:\/\/velconresma.com\/index.php\/wp-json\/wp\/v2\/users\/1"}],"replies":[{"embeddable":true,"href":"https:\/\/velconresma.com\/index.php\/wp-json\/wp\/v2\/comments?post=1061"}],"version-history":[{"count":17,"href":"https:\/\/velconresma.com\/index.php\/wp-json\/wp\/v2\/pages\/1061\/revisions"}],"predecessor-version":[{"id":1758,"href":"https:\/\/velconresma.com\/index.php\/wp-json\/wp\/v2\/pages\/1061\/revisions\/1758"}],"wp:attachment":[{"href":"https:\/\/velconresma.com\/index.php\/wp-json\/wp\/v2\/media?parent=1061"}],"curies":[{"name":"wp","href":"https:\/\/api.w.org\/{rel}","templated":true}]}}